{"id":206,"date":"2022-04-29T14:14:32","date_gmt":"2022-04-29T12:14:32","guid":{"rendered":"https:\/\/www.rezervujsi.sk\/rezervacny-system\/?page_id=206"},"modified":"2022-05-09T12:35:46","modified_gmt":"2022-05-09T10:35:46","slug":"kontakt","status":"publish","type":"page","link":"https:\/\/www.rezervujsi.sk\/rezervacny-system\/kontakt\/","title":{"rendered":"Kontakt"},"content":{"rendered":"","protected":false},"excerpt":{"rendered":"","protected":false},"author":1,"featured_media":0,"parent":0,"menu_order":0,"comment_status":"closed","ping_status":"closed","template":"","meta":[],"yoast_head":"<!-- This site is optimized with the Yoast SEO plugin v18.8 - https:\/\/yoast.com\/wordpress\/plugins\/seo\/ -->\n<title>Kontakt - Ob\u013e\u00faben\u00fd rezerva\u010dn\u00fd syst\u00e9m zdarma<\/title>\n<meta name=\"description\" content=\"Zavolajte n\u00e1m, radi V\u00e1m zodpovieme v\u0161etky ot\u00e1zky k n\u00e1\u0161mu rezerva\u010dn\u00e9my syst\u00e9mu +421 918 108 801\" \/>\n<meta name=\"robots\" content=\"index, follow, max-snippet:-1, max-image-preview:large, max-video-preview:-1\" \/>\n<link rel=\"canonical\" href=\"https:\/\/www.rezervujsi.sk\/rezervacny-system\/kontakt\/\" \/>\n<meta property=\"og:locale\" content=\"sk_SK\" \/>\n<meta property=\"og:type\" content=\"article\" \/>\n<meta property=\"og:title\" content=\"Kontakt - Ob\u013e\u00faben\u00fd rezerva\u010dn\u00fd syst\u00e9m zdarma\" \/>\n<meta property=\"og:description\" content=\"Zavolajte n\u00e1m, radi V\u00e1m zodpovieme v\u0161etky ot\u00e1zky k n\u00e1\u0161mu rezerva\u010dn\u00e9my syst\u00e9mu +421 918 108 801\" \/>\n<meta property=\"og:url\" content=\"https:\/\/www.rezervujsi.sk\/rezervacny-system\/kontakt\/\" \/>\n<meta property=\"og:site_name\" content=\"Rezerva\u010dn\u00fd syst\u00e9m\" \/>\n<meta property=\"article:modified_time\" content=\"2022-05-09T10:35:46+00:00\" \/>\n<meta name=\"twitter:card\" content=\"summary_large_image\" \/>\n<script type=\"application\/ld+json\" class=\"yoast-schema-graph\">{\"@context\":\"https:\/\/schema.org\",\"@graph\":[{\"@type\":\"WebSite\",\"@id\":\"https:\/\/www.rezervujsi.sk\/rezervacny-system\/#website\",\"url\":\"https:\/\/www.rezervujsi.sk\/rezervacny-system\/\",\"name\":\"Rezerva\u010dn\u00fd syst\u00e9m\",\"description\":\"Rezerva\u010dn\u00fd syst\u00e9m Zdarma Spolu s Vami tvor\u00edme 15 r.\",\"potentialAction\":[{\"@type\":\"SearchAction\",\"target\":{\"@type\":\"EntryPoint\",\"urlTemplate\":\"https:\/\/www.rezervujsi.sk\/rezervacny-system\/?s={search_term_string}\"},\"query-input\":\"required name=search_term_string\"}],\"inLanguage\":\"sk-SK\"},{\"@type\":\"WebPage\",\"@id\":\"https:\/\/www.rezervujsi.sk\/rezervacny-system\/kontakt\/#webpage\",\"url\":\"https:\/\/www.rezervujsi.sk\/rezervacny-system\/kontakt\/\",\"name\":\"Kontakt - Ob\u013e\u00faben\u00fd rezerva\u010dn\u00fd syst\u00e9m zdarma\",\"isPartOf\":{\"@id\":\"https:\/\/www.rezervujsi.sk\/rezervacny-system\/#website\"},\"datePublished\":\"2022-04-29T12:14:32+00:00\",\"dateModified\":\"2022-05-09T10:35:46+00:00\",\"description\":\"Zavolajte n\u00e1m, radi V\u00e1m zodpovieme v\u0161etky ot\u00e1zky k n\u00e1\u0161mu rezerva\u010dn\u00e9my syst\u00e9mu +421 918 108 801\",\"breadcrumb\":{\"@id\":\"https:\/\/www.rezervujsi.sk\/rezervacny-system\/kontakt\/#breadcrumb\"},\"inLanguage\":\"sk-SK\",\"potentialAction\":[{\"@type\":\"ReadAction\",\"target\":[\"https:\/\/www.rezervujsi.sk\/rezervacny-system\/kontakt\/\"]}]},{\"@type\":\"BreadcrumbList\",\"@id\":\"https:\/\/www.rezervujsi.sk\/rezervacny-system\/kontakt\/#breadcrumb\",\"itemListElement\":[{\"@type\":\"ListItem\",\"position\":1,\"name\":\"Domovsk\u00e1 str\u00e1nka\",\"item\":\"https:\/\/www.rezervujsi.sk\/rezervacny-system\/\"},{\"@type\":\"ListItem\",\"position\":2,\"name\":\"Kontakt\"}]}]}<\/script>\n<!-- \/ Yoast SEO plugin. -->","yoast_head_json":{"title":"Kontakt - Ob\u013e\u00faben\u00fd rezerva\u010dn\u00fd syst\u00e9m zdarma","description":"Zavolajte n\u00e1m, radi V\u00e1m zodpovieme v\u0161etky ot\u00e1zky k n\u00e1\u0161mu rezerva\u010dn\u00e9my syst\u00e9mu +421 918 108 801","robots":{"index":"index","follow":"follow","max-snippet":"max-snippet:-1","max-image-preview":"max-image-preview:large","max-video-preview":"max-video-preview:-1"},"canonical":"https:\/\/www.rezervujsi.sk\/rezervacny-system\/kontakt\/","og_locale":"sk_SK","og_type":"article","og_title":"Kontakt - Ob\u013e\u00faben\u00fd rezerva\u010dn\u00fd syst\u00e9m zdarma","og_description":"Zavolajte n\u00e1m, radi V\u00e1m zodpovieme v\u0161etky ot\u00e1zky k n\u00e1\u0161mu rezerva\u010dn\u00e9my syst\u00e9mu +421 918 108 801","og_url":"https:\/\/www.rezervujsi.sk\/rezervacny-system\/kontakt\/","og_site_name":"Rezerva\u010dn\u00fd syst\u00e9m","article_modified_time":"2022-05-09T10:35:46+00:00","twitter_card":"summary_large_image","schema":{"@context":"https:\/\/schema.org","@graph":[{"@type":"WebSite","@id":"https:\/\/www.rezervujsi.sk\/rezervacny-system\/#website","url":"https:\/\/www.rezervujsi.sk\/rezervacny-system\/","name":"Rezerva\u010dn\u00fd syst\u00e9m","description":"Rezerva\u010dn\u00fd syst\u00e9m Zdarma Spolu s Vami tvor\u00edme 15 r.","potentialAction":[{"@type":"SearchAction","target":{"@type":"EntryPoint","urlTemplate":"https:\/\/www.rezervujsi.sk\/rezervacny-system\/?s={search_term_string}"},"query-input":"required name=search_term_string"}],"inLanguage":"sk-SK"},{"@type":"WebPage","@id":"https:\/\/www.rezervujsi.sk\/rezervacny-system\/kontakt\/#webpage","url":"https:\/\/www.rezervujsi.sk\/rezervacny-system\/kontakt\/","name":"Kontakt - Ob\u013e\u00faben\u00fd rezerva\u010dn\u00fd syst\u00e9m zdarma","isPartOf":{"@id":"https:\/\/www.rezervujsi.sk\/rezervacny-system\/#website"},"datePublished":"2022-04-29T12:14:32+00:00","dateModified":"2022-05-09T10:35:46+00:00","description":"Zavolajte n\u00e1m, radi V\u00e1m zodpovieme v\u0161etky ot\u00e1zky k n\u00e1\u0161mu rezerva\u010dn\u00e9my syst\u00e9mu +421 918 108 801","breadcrumb":{"@id":"https:\/\/www.rezervujsi.sk\/rezervacny-system\/kontakt\/#breadcrumb"},"inLanguage":"sk-SK","potentialAction":[{"@type":"ReadAction","target":["https:\/\/www.rezervujsi.sk\/rezervacny-system\/kontakt\/"]}]},{"@type":"BreadcrumbList","@id":"https:\/\/www.rezervujsi.sk\/rezervacny-system\/kontakt\/#breadcrumb","itemListElement":[{"@type":"ListItem","position":1,"name":"Domovsk\u00e1 str\u00e1nka","item":"https:\/\/www.rezervujsi.sk\/rezervacny-system\/"},{"@type":"ListItem","position":2,"name":"Kontakt"}]}]}},"_links":{"self":[{"href":"https:\/\/www.rezervujsi.sk\/rezervacny-system\/wp-json\/wp\/v2\/pages\/206"}],"collection":[{"href":"https:\/\/www.rezervujsi.sk\/rezervacny-system\/wp-json\/wp\/v2\/pages"}],"about":[{"href":"https:\/\/www.rezervujsi.sk\/rezervacny-system\/wp-json\/wp\/v2\/types\/page"}],"author":[{"embeddable":true,"href":"https:\/\/www.rezervujsi.sk\/rezervacny-system\/wp-json\/wp\/v2\/users\/1"}],"replies":[{"embeddable":true,"href":"https:\/\/www.rezervujsi.sk\/rezervacny-system\/wp-json\/wp\/v2\/comments?post=206"}],"version-history":[{"count":1,"href":"https:\/\/www.rezervujsi.sk\/rezervacny-system\/wp-json\/wp\/v2\/pages\/206\/revisions"}],"predecessor-version":[{"id":207,"href":"https:\/\/www.rezervujsi.sk\/rezervacny-system\/wp-json\/wp\/v2\/pages\/206\/revisions\/207"}],"wp:attachment":[{"href":"https:\/\/www.rezervujsi.sk\/rezervacny-system\/wp-json\/wp\/v2\/media?parent=206"}],"curies":[{"name":"wp","href":"https:\/\/api.w.org\/{rel}","templated":true}]}}